{"id":349,"date":"2025-11-29T12:01:02","date_gmt":"2025-11-29T12:01:02","guid":{"rendered":"http:\/\/www.kanal28.com\/?page_id=349"},"modified":"2025-11-29T12:37:11","modified_gmt":"2025-11-29T12:37:11","slug":"hakkimizda","status":"publish","type":"page","link":"http:\/\/www.kanal28.com\/index.php\/hakkimizda\/","title":{"rendered":"HAKKIMIZDA"},"content":{"rendered":"<p class=\"is-layout-flow wp-block-column-is-layout-flow\" data-start=\"212\" data-end=\"510\">2015 y\u0131l\u0131nda yay\u0131n hayat\u0131na ba\u015flayan\u00a0<strong data-start=\"249\" data-end=\"261\">Kanal 28<\/strong>, Giresun\u2019un ilk ve tek ulusal televizyon kanal\u0131 olarak b\u00f6lgenin sesi, g\u00f6z\u00fc ve haf\u0131zas\u0131 olmu\u015ftur. Kuruldu\u011fu g\u00fcnden bu yana tarafs\u0131z haber anlay\u0131\u015f\u0131, g\u00fc\u00e7l\u00fc yay\u0131nc\u0131l\u0131k deneyimi ve halka yak\u0131n duru\u015fuyla geni\u015f bir izleyici kitlesine ula\u015fmay\u0131 ba\u015farm\u0131\u015ft\u0131r.<\/p>\n<p data-start=\"512\" data-end=\"819\">Bug\u00fcn Kanal 28, de\u011fi\u015fen medya al\u0131\u015fkanl\u0131klar\u0131na uyum sa\u011flayarak yay\u0131nlar\u0131n\u0131 <strong data-start=\"604\" data-end=\"637\">dijital platformlar \u00fczerinden<\/strong>\u00a0s\u00fcrd\u00fcrmektedir. Haber i\u00e7erikleri, programlar, \u00f6zel r\u00f6portajlar ve b\u00f6lgeye dair en g\u00fcncel geli\u015fmeler Instagram, YouTube ve di\u011fer sosyal medya mecralar\u0131ndan izleyiciyle bulu\u015fmaktad\u0131r.<\/p>\n<p data-start=\"821\" data-end=\"989\">Kanal 28, Karadeniz\u2019in ruhunu T\u00fcrkiye\u2019ye ta\u015f\u0131yan yay\u0131n anlay\u0131\u015f\u0131yla, hem ge\u00e7mi\u015fin tecr\u00fcbesini hem de dijital d\u00fcnyan\u0131n h\u0131z\u0131n\u0131 bir araya getirerek yoluna devam etmektedir.<\/p>\n<p data-start=\"991\" data-end=\"1043\"><strong data-start=\"991\" data-end=\"1043\">Kanal 28 \u2013 Giresun\u2019un ekran\u0131, Karadeniz\u2019in sesi.<\/strong><\/p>\n","protected":false},"excerpt":{"rendered":"<p>2015 y\u0131l\u0131nda yay\u0131n hayat\u0131na ba\u015flayan\u00a0Kanal 28, Giresun\u2019un ilk ve tek ulusal televizyon kanal\u0131 olarak b\u00f6lgenin sesi, g\u00f6z\u00fc ve haf\u0131zas\u0131 olmu\u015ftur. Kuruldu\u011fu g\u00fcnden bu yana tarafs\u0131z haber anlay\u0131\u015f\u0131, g\u00fc\u00e7l\u00fc yay\u0131nc\u0131l\u0131k deneyimi ve halka yak\u0131n duru\u015fuyla geni\u015f bir izleyici kitlesine ula\u015fmay\u0131 ba\u015farm\u0131\u015ft\u0131r. Bug\u00fcn Kanal 28, de\u011fi\u015fen medya al\u0131\u015fkanl\u0131klar\u0131na uyum sa\u011flayarak yay\u0131nlar\u0131n\u0131 dijital platformlar \u00fczerinden\u00a0s\u00fcrd\u00fcrmektedir. Haber i\u00e7erikleri, programlar,&#8230;<\/p>\n","protected":false},"author":1,"featured_media":0,"parent":0,"menu_order":0,"comment_status":"closed","ping_status":"closed","template":"","meta":{"footnotes":""},"class_list":["post-349","page","type-page","status-publish","hentry"],"_links":{"self":[{"href":"http:\/\/www.kanal28.com\/index.php\/wp-json\/wp\/v2\/pages\/349","targetHints":{"allow":["GET"]}}],"collection":[{"href":"http:\/\/www.kanal28.com\/index.php\/wp-json\/wp\/v2\/pages"}],"about":[{"href":"http:\/\/www.kanal28.com\/index.php\/wp-json\/wp\/v2\/types\/page"}],"author":[{"embeddable":true,"href":"http:\/\/www.kanal28.com\/index.php\/wp-json\/wp\/v2\/users\/1"}],"replies":[{"embeddable":true,"href":"http:\/\/www.kanal28.com\/index.php\/wp-json\/wp\/v2\/comments?post=349"}],"version-history":[{"count":8,"href":"http:\/\/www.kanal28.com\/index.php\/wp-json\/wp\/v2\/pages\/349\/revisions"}],"predecessor-version":[{"id":373,"href":"http:\/\/www.kanal28.com\/index.php\/wp-json\/wp\/v2\/pages\/349\/revisions\/373"}],"wp:attachment":[{"href":"http:\/\/www.kanal28.com\/index.php\/wp-json\/wp\/v2\/media?parent=349"}],"curies":[{"name":"wp","href":"https:\/\/api.w.org\/{rel}","templated":true}]}}